{"id":1693,"date":"2024-04-08T07:32:03","date_gmt":"2024-04-08T07:32:03","guid":{"rendered":"https:\/\/nutrition-optimised-within.com\/scientific-medical-committee\/"},"modified":"2025-05-12T05:41:42","modified_gmt":"2025-05-12T05:41:42","slug":"comite-cientifico-medico","status":"publish","type":"page","link":"https:\/\/nutrition-optimised-within.com\/es\/comite-cientifico-medico\/","title":{"rendered":"Comit\u00e9 cient\u00edfico y m\u00e9dico"},"content":{"rendered":"<p>[et_pb_section fb_built=&#8221;1&#8243; _builder_version=&#8221;4.26.0&#8243; _module_preset=&#8221;default&#8221; use_background_color_gradient=&#8221;on&#8221; background_color_gradient_direction=&#8221;121deg&#8221; background_color_gradient_stops=&#8221;rgba(39,86,64,0.77) 0%|rgba(73,184,97,0.23) 38%|rgba(73,184,97,0) 100%&#8221; background_color_gradient_overlays_image=&#8221;on&#8221; background_image=&#8221;https:\/\/nutrition-optimised-within.com\/wp-content\/uploads\/2024\/04\/DSCF0429_fade.jpg&#8221; background_position=&#8221;bottom_center&#8221; background_vertical_offset=&#8221;31%&#8221; height=&#8221;41vh&#8221; background_last_edited=&#8221;off|desktop&#8221; background_position_tablet=&#8221;center_left&#8221; background_horizontal_offset_phone=&#8221;31%&#8221; global_colors_info=&#8221;{}&#8221;][et_pb_row _builder_version=&#8221;4.21.0&#8243; _module_preset=&#8221;default&#8221; positioning=&#8221;absolute&#8221; position_origin_a=&#8221;center_center&#8221; global_colors_info=&#8221;{}&#8221;][et_pb_column type=&#8221;4_4&#8243; _builder_version=&#8221;4.21.0&#8243; _module_preset=&#8221;default&#8221; global_colors_info=&#8221;{}&#8221;][et_pb_text _builder_version=&#8221;4.27.0&#8243; _module_preset=&#8221;default&#8221; header_font=&#8221;|||on|||||&#8221; header_text_color=&#8221;#FFFFFF&#8221; header_font_size=&#8221;50px&#8221; header_font_size_tablet=&#8221;50px&#8221; header_font_size_phone=&#8221;37px&#8221; header_font_size_last_edited=&#8221;on|phone&#8221; global_colors_info=&#8221;{}&#8221;]<\/p>\n<h1 style=\"text-align: center;\">comit\u00e9 cient\u00edfico y m\u00e9dico<\/h1>\n<p>[\/et_pb_text][\/et_pb_column][\/et_pb_row][\/et_pb_section][et_pb_section fb_built=&#8221;1&#8243; custom_padding_last_edited=&#8221;on|phone&#8221; _builder_version=&#8221;4.26.0&#8243; _module_preset=&#8221;default&#8221; background_enable_color=&#8221;off&#8221; custom_padding=&#8221;86px||62px||false|false&#8221; custom_padding_tablet=&#8221;86px||62px||false|false&#8221; custom_padding_phone=&#8221;61px||58px||false|false&#8221; global_colors_info=&#8221;{}&#8221;][et_pb_row _builder_version=&#8221;4.21.0&#8243; _module_preset=&#8221;default&#8221; custom_margin=&#8221;2px|auto|2px|auto||&#8221; custom_padding=&#8221;22px||19px|||&#8221; locked=&#8221;off&#8221; global_colors_info=&#8221;{}&#8221;][et_pb_column type=&#8221;4_4&#8243; _builder_version=&#8221;4.21.0&#8243; _module_preset=&#8221;default&#8221; global_colors_info=&#8221;{}&#8221;][et_pb_text _builder_version=&#8221;4.27.4&#8243; _module_preset=&#8221;default&#8221; header_2_font=&#8221;||||||||&#8221; header_2_text_color=&#8221;#000000&#8243; header_2_font_size=&#8221;30px&#8221; header_2_line_height=&#8221;1.3em&#8221; header_3_font=&#8221;|700|||||||&#8221; header_3_text_color=&#8221;#49b861&#8243; header_3_font_size=&#8221;25px&#8221; header_4_font=&#8221;|600|||||||&#8221; header_4_font_size=&#8221;16px&#8221; header_4_line_height=&#8221;1.3em&#8221; width=&#8221;84.7%&#8221; width_tablet=&#8221;81.3%&#8221; width_phone=&#8221;100%&#8221; width_last_edited=&#8221;on|phone&#8221; module_alignment=&#8221;center&#8221; custom_margin=&#8221;||23px||false|false&#8221; custom_padding=&#8221;||||false|false&#8221; hover_enabled=&#8221;0&#8243; border_color_all=&#8221;#015051&#8243; locked=&#8221;off&#8221; inline_fonts=&#8221;Geologica Semibold&#8221; global_colors_info=&#8221;{}&#8221; sticky_enabled=&#8221;0&#8243;]<\/p>\n<div class=\"page\" title=\"Page 29\">\n<div class=\"section\">\n<div class=\"layoutArea\">\n<div class=\"column\">\n<div class=\"page\" title=\"Page 29\">\n<div class=\"section\">\n<div class=\"layoutArea\">\n<div class=\"column\">\n<div class=\"section\">\n<div class=\"layoutArea\">\n<div class=\"column\">\n<div class=\"page\" title=\"Page 29\">\n<div class=\"section\">\n<div class=\"layoutArea\">\n<div class=\"column\">\n<h2 style=\"text-align: center;\">\u00abDemostramos lo que decimos y \u00fanicamente decimos lo que podemos demostrar\u00bb<\/h2>\n<p style=\"text-align: center;\">Probamos lo que decimos y \u00fanicamente deicmos lo que ha sido probado. Por eso colaboramos con un comit\u00e9 cient\u00edfico y medico de reconocido prestigio internacional as\u00ed como con centros de de investigaci\u00f3n y desarrollo \u00a0l\u00edderes en nutrici\u00f3n, biotecnolog\u00eda y ciencias de la vida.<\/p>\n<p style=\"text-align: center;\">Los miembros del comit\u00e9 m\u00e9dico y cient\u00edfico son expertos ampliamente reconocidos, con una amplia experiencia en \u00e1reas como la nutrici\u00f3n y la ciencia de los alimentos, la biomedicina, la se\u00f1alizaci\u00f3n celular y la regulaci\u00f3n metab\u00f3lica, el envejecimiento saludable, la nutrici\u00f3n deportiva y la nutrici\u00f3n especializada.<\/p>\n<\/div>\n<\/div>\n<\/div>\n<\/div>\n<\/div>\n<\/div>\n<\/div>\n<\/div>\n<\/div>\n<\/div>\n<\/div>\n<\/div>\n<\/div>\n<\/div>\n<\/div>\n<p>[\/et_pb_text][\/et_pb_column][\/et_pb_row][et_pb_row column_structure=&#8221;1_2,1_2&#8243; _builder_version=&#8221;4.27.4&#8243; _module_preset=&#8221;default&#8221; max_width=&#8221;630px&#8221; max_width_tablet=&#8221;&#8221; max_width_phone=&#8221;&#8221; max_width_last_edited=&#8221;on|tablet&#8221; custom_margin=&#8221;5px|auto||auto||&#8221; custom_padding=&#8221;20px||20px||true|false&#8221; locked=&#8221;off&#8221; global_colors_info=&#8221;{}&#8221;][et_pb_column type=&#8221;1_2&#8243; _builder_version=&#8221;4.21.0&#8243; _module_preset=&#8221;default&#8221; global_colors_info=&#8221;{}&#8221;][et_pb_image src=&#8221;https:\/\/nutrition-optimised-within.com\/wp-content\/uploads\/2025\/05\/DSCF0330-Enhanced-NR.png&#8221; alt=&#8221;javier moran&#8221; title_text=&#8221;DSCF0330-Enhanced-NR&#8221; _builder_version=&#8221;4.27.4&#8243; _module_preset=&#8221;default&#8221; width=&#8221;72%&#8221; width_tablet=&#8221;38%&#8221; width_phone=&#8221;68%&#8221; width_last_edited=&#8221;on|tablet&#8221; module_alignment=&#8221;center&#8221; custom_margin=&#8221;||36px|||&#8221; border_radii=&#8221;on|1132px|1132px|1132px|1132px&#8221; global_colors_info=&#8221;{}&#8221;][\/et_pb_image][et_pb_text _builder_version=&#8221;4.27.4&#8243; _module_preset=&#8221;default&#8221; global_colors_info=&#8221;{}&#8221;]<\/p>\n<h4 class=\"et_pb_module_header et-fb-editable-element et-fb-editable-element__editing\" data-shortcode-id=\"1.1.0.0-1746886155857\" data-quickaccess-id=\"header\" contenteditable=\"true\" style=\"text-align: center;\">Dr. Javier Moran<\/h4>\n<p>[\/et_pb_text][\/et_pb_column][et_pb_column type=&#8221;1_2&#8243; _builder_version=&#8221;4.21.0&#8243; _module_preset=&#8221;default&#8221; global_colors_info=&#8221;{}&#8221;][et_pb_image src=&#8221;https:\/\/nutrition-optimised-within.com\/wp-content\/uploads\/2025\/05\/Dr_joana_relat.png&#8221; alt=&#8221;joana relat&#8221; title_text=&#8221;Dr_joana_relat&#8221; align=&#8221;center&#8221; _builder_version=&#8221;4.27.4&#8243; _module_preset=&#8221;default&#8221; width=&#8221;72%&#8221; width_tablet=&#8221;38%&#8221; width_phone=&#8221;68%&#8221; width_last_edited=&#8221;on|tablet&#8221; module_alignment=&#8221;center&#8221; custom_margin=&#8221;||36px|||&#8221; custom_margin_tablet=&#8221;35px||36px||false|false&#8221; custom_margin_phone=&#8221;35px||36px||false|false&#8221; custom_margin_last_edited=&#8221;on|tablet&#8221; border_radii=&#8221;on|1132px|1132px|1132px|1132px&#8221; global_colors_info=&#8221;{}&#8221;][\/et_pb_image][et_pb_text _builder_version=&#8221;4.27.4&#8243; _module_preset=&#8221;default&#8221; locked=&#8221;off&#8221; global_colors_info=&#8221;{}&#8221;]<\/p>\n<h4 class=\"et_pb_module_header et-fb-editable-element et-fb-editable-element__editing\" data-shortcode-id=\"1.1.0.0-1746886155857\" data-quickaccess-id=\"header\" contenteditable=\"true\" style=\"text-align: center;\">Dra. Joana Relat<\/h4>\n<p>[\/et_pb_text][\/et_pb_column][\/et_pb_row][\/et_pb_section][et_pb_section fb_built=&#8221;1&#8243; _builder_version=&#8221;4.27.4&#8243; _module_preset=&#8221;default&#8221; background_color=&#8221;#f4f4f4&#8243; custom_padding=&#8221;34px|||||&#8221; global_colors_info=&#8221;{}&#8221;][et_pb_row _builder_version=&#8221;4.26.0&#8243; _module_preset=&#8221;default&#8221; global_colors_info=&#8221;{}&#8221;][et_pb_column type=&#8221;4_4&#8243; _builder_version=&#8221;4.26.0&#8243; _module_preset=&#8221;default&#8221; global_colors_info=&#8221;{}&#8221;][et_pb_text _builder_version=&#8221;4.27.0&#8243; _module_preset=&#8221;default&#8221; header_2_font=&#8221;||||||||&#8221; header_2_text_color=&#8221;#000000&#8243; header_2_font_size=&#8221;30px&#8221; header_3_font=&#8221;|700|||||||&#8221; header_3_text_color=&#8221;#49b861&#8243; header_3_font_size=&#8221;25px&#8221; header_4_font=&#8221;|600|||||||&#8221; header_4_font_size=&#8221;16px&#8221; header_4_line_height=&#8221;1.3em&#8221; width=&#8221;89%&#8221; width_tablet=&#8221;81.3%&#8221; width_phone=&#8221;100%&#8221; width_last_edited=&#8221;on|phone&#8221; module_alignment=&#8221;center&#8221; custom_margin=&#8221;-4px||10px|||&#8221; custom_padding=&#8221;2.1%|7px|||false|false&#8221; border_color_all=&#8221;#015051&#8243; locked=&#8221;off&#8221; global_colors_info=&#8221;{}&#8221;]<\/p>\n<div class=\"page\" title=\"Page 29\">\n<div class=\"section\">\n<div class=\"layoutArea\">\n<div class=\"column\">\n<div class=\"page\" title=\"Page 29\">\n<div class=\"section\">\n<div class=\"layoutArea\">\n<div class=\"column\">\n<h2 style=\"text-align: center;\">Conclusiones clave sobre el sistema de ingredientes NOW\u00ae:<\/h2>\n<\/div>\n<\/div>\n<\/div>\n<\/div>\n<\/div>\n<\/div>\n<\/div>\n<\/div>\n<p>[\/et_pb_text][\/et_pb_column][\/et_pb_row][et_pb_row column_structure=&#8221;1_3,1_3,1_3&#8243; _builder_version=&#8221;4.26.0&#8243; _module_preset=&#8221;default&#8221; width=&#8221;78.6%&#8221; global_colors_info=&#8221;{}&#8221;][et_pb_column type=&#8221;1_3&#8243; _builder_version=&#8221;4.26.0&#8243; _module_preset=&#8221;default&#8221; global_colors_info=&#8221;{}&#8221;][et_pb_text _builder_version=&#8221;4.27.0&#8243; _module_preset=&#8221;default&#8221; header_2_font=&#8221;|600||on|||||&#8221; header_2_text_color=&#8221;#000000&#8243; header_2_font_size=&#8221;24px&#8221; header_3_font=&#8221;||||||||&#8221; header_3_text_color=&#8221;#000000&#8243; header_3_font_size=&#8221;18px&#8221; header_4_font=&#8221;|600|||||||&#8221; header_4_font_size=&#8221;16px&#8221; header_4_line_height=&#8221;1.3em&#8221; width=&#8221;100%&#8221; module_alignment=&#8221;center&#8221; custom_margin=&#8221;-4px|||||&#8221; custom_padding=&#8221;2.1%|7px|||false|false&#8221; border_color_all=&#8221;#015051&#8243; locked=&#8221;off&#8221; inline_fonts=&#8221;Geologica Semibold&#8221; global_colors_info=&#8221;{}&#8221;]<\/p>\n<div class=\"page\" title=\"Page 29\">\n<div class=\"section\">\n<div class=\"layoutArea\">\n<div class=\"column\">\n<div class=\"page\" title=\"Page 29\">\n<div class=\"section\">\n<div class=\"layoutArea\">\n<div class=\"column\">\n<h3 style=\"text-align: left;\"><span style=\"font-family: inherit;\">NOW\u00ae Energy<\/span><\/h3>\n<ul>\n<li style=\"text-align: left;\">Regula la homeostasis de la glucosa.<\/li>\n<li style=\"text-align: left;\">Es una fuente rica en inositoles.<\/li>\n<li style=\"text-align: left;\">Sistema de ingredientes clave para el control gluc\u00e9mico y el equilibrio energ\u00e9tico.<\/li>\n<li style=\"text-align: left;\">Seguridad de consumo demostrada.<\/li>\n<li style=\"text-align: left;\">Biodisponibilidad total de los ingredientes funcionales.<\/li>\n<\/ul>\n<\/div>\n<\/div>\n<\/div>\n<\/div>\n<\/div>\n<\/div>\n<\/div>\n<\/div>\n<p>[\/et_pb_text][\/et_pb_column][et_pb_column type=&#8221;1_3&#8243; _builder_version=&#8221;4.26.0&#8243; _module_preset=&#8221;default&#8221; global_colors_info=&#8221;{}&#8221;][et_pb_text _builder_version=&#8221;4.27.0&#8243; _module_preset=&#8221;default&#8221; header_2_font=&#8221;|600||on|||||&#8221; header_2_text_color=&#8221;#000000&#8243; header_2_font_size=&#8221;24px&#8221; header_3_font=&#8221;||||||||&#8221; header_3_text_color=&#8221;#000000&#8243; header_3_font_size=&#8221;19px&#8221; header_4_font=&#8221;|600|||||||&#8221; header_4_font_size=&#8221;16px&#8221; header_4_line_height=&#8221;1.3em&#8221; width=&#8221;100%&#8221; module_alignment=&#8221;center&#8221; custom_margin=&#8221;-4px|||||&#8221; custom_padding=&#8221;2.1%|7px|||false|false&#8221; border_color_all=&#8221;#015051&#8243; locked=&#8221;off&#8221; global_colors_info=&#8221;{}&#8221;]<\/p>\n<div class=\"page\" title=\"Page 29\">\n<div class=\"section\">\n<div class=\"layoutArea\">\n<div class=\"column\">\n<div class=\"page\" title=\"Page 29\">\n<div class=\"section\">\n<div class=\"layoutArea\">\n<div class=\"column\">\n<h3>NOW\u00ae Weight<\/h3>\n<ul>\n<li>\n<p class=\"p1\">La fibra de algarroba rica en polifenoles, reduce el peso corporal, el per\u00edmetro de la cintura y los porcentajes de grasa.<\/p>\n<\/li>\n<li>\n<p class=\"p1\">Tiene un efecto reductor de la grasa abdominal.Potenciales efectos sin\u00e9rgicos sobre la salud metab\u00f3lica.<\/p>\n<\/li>\n<li>\n<p class=\"p1\">Mejora la salud intestinal.<\/p>\n<\/li>\n<\/ul>\n<\/div>\n<\/div>\n<\/div>\n<\/div>\n<\/div>\n<\/div>\n<\/div>\n<\/div>\n<p>[\/et_pb_text][\/et_pb_column][et_pb_column type=&#8221;1_3&#8243; _builder_version=&#8221;4.26.0&#8243; _module_preset=&#8221;default&#8221; global_colors_info=&#8221;{}&#8221;][et_pb_text _builder_version=&#8221;4.27.0&#8243; _module_preset=&#8221;default&#8221; header_2_font=&#8221;|600||on|||||&#8221; header_2_text_color=&#8221;#000000&#8243; header_2_font_size=&#8221;24px&#8221; header_3_font=&#8221;||||||||&#8221; header_3_text_color=&#8221;#000000&#8243; header_3_font_size=&#8221;18px&#8221; header_4_font=&#8221;|600|||||||&#8221; header_4_font_size=&#8221;16px&#8221; header_4_line_height=&#8221;1.3em&#8221; width=&#8221;100%&#8221; module_alignment=&#8221;center&#8221; custom_margin=&#8221;-4px|||||&#8221; custom_padding=&#8221;2.1%|7px|||false|false&#8221; border_color_all=&#8221;#015051&#8243; locked=&#8221;off&#8221; global_colors_info=&#8221;{}&#8221;]<\/p>\n<div class=\"page\" title=\"Page 29\">\n<div class=\"section\">\n<div class=\"layoutArea\">\n<div class=\"column\">\n<div class=\"page\" title=\"Page 29\">\n<div class=\"section\">\n<div class=\"layoutArea\">\n<div class=\"column\">\n<h3>Datos validados<\/h3>\n<ul>\n<li>El sistema de ingredientes NOW\u00ae ayuda en la prevenci\u00f3n\/tratamiento del S\u00edndrome Metab\u00f3lico.<\/li>\n<li>Informes cient\u00edficos y m\u00e9dicos confidenciales disponibles previo acuerdo NDA.<\/li>\n<\/ul>\n<\/div>\n<\/div>\n<\/div>\n<\/div>\n<\/div>\n<\/div>\n<\/div>\n<\/div>\n<p>[\/et_pb_text][\/et_pb_column][\/et_pb_row][\/et_pb_section][et_pb_section fb_built=&#8221;1&#8243; _builder_version=&#8221;4.27.0&#8243; _module_preset=&#8221;default&#8221; background_color=&#8221;rgba(34,71,72,0.7)&#8221; global_colors_info=&#8221;{}&#8221;][et_pb_row _builder_version=&#8221;4.27.0&#8243; _module_preset=&#8221;default&#8221; global_colors_info=&#8221;{}&#8221;][et_pb_column type=&#8221;4_4&#8243; _builder_version=&#8221;4.27.0&#8243; _module_preset=&#8221;default&#8221; global_colors_info=&#8221;{}&#8221;][et_pb_text _builder_version=&#8221;4.27.0&#8243; _module_preset=&#8221;default&#8221; text_font=&#8221;Geologica Semibold||||||||&#8221; text_text_color=&#8221;#FFFFFF&#8221; text_orientation=&#8221;center&#8221; width=&#8221;70%&#8221; module_alignment=&#8221;center&#8221; custom_margin=&#8221;||35px|||&#8221; global_colors_info=&#8221;{}&#8221;]<\/p>\n<p><span>Las revisiones cient\u00edficas, los informes m\u00e9dicos y los resultados cl\u00ednicos est\u00e1n disponibles bajo petici\u00f3n, o accediendo a la \u201czona de contenido restringido\u201d.<\/span><span><\/span><\/p>\n<p>[\/et_pb_text][et_pb_button button_url=&#8221;https:\/\/nutrition-optimised-within.com\/es\/comite-cientifico-y-medico-restricted-content\/&#8221; button_text=&#8221;VER CONTENIDO RESTRINGIDO&#8221; button_alignment=&#8221;center&#8221; _builder_version=&#8221;4.27.2&#8243; _module_preset=&#8221;default&#8221; custom_button=&#8221;on&#8221; button_text_size=&#8221;16px&#8221; button_text_color=&#8221;#FFFFFF&#8221; button_bg_color=&#8221;RGBA(255,255,255,0)&#8221; button_border_width=&#8221;2px&#8221; button_border_color=&#8221;#FFFFFF&#8221; button_border_radius=&#8221;0px&#8221; button_font=&#8221;Geologica Bold|||on|||||&#8221; custom_margin=&#8221;7px||9px|||&#8221; custom_padding=&#8221;8px|30px|8px|30px|true|true&#8221; locked=&#8221;off&#8221; global_colors_info=&#8221;{}&#8221;][\/et_pb_button][\/et_pb_column][\/et_pb_row][\/et_pb_section]<\/p>\n","protected":false},"excerpt":{"rendered":"<p>comit\u00e9 cient\u00edfico y m\u00e9dico \u00abDemostramos lo que decimos y \u00fanicamente decimos lo que podemos demostrar\u00bb Probamos lo que decimos y \u00fanicamente deicmos lo que ha sido probado. Por eso colaboramos con un comit\u00e9 cient\u00edfico y medico de reconocido prestigio internacional as\u00ed como con centros de de investigaci\u00f3n y desarrollo \u00a0l\u00edderes en nutrici\u00f3n, biotecnolog\u00eda y ciencias [&hellip;]<\/p>\n","protected":false},"author":1,"featured_media":0,"parent":0,"menu_order":0,"comment_status":"closed","ping_status":"closed","template":"","meta":{"_et_pb_use_builder":"on","_et_pb_old_content":"","_et_gb_content_width":"","inline_featured_image":false,"footnotes":""},"class_list":["post-1693","page","type-page","status-publish","hentry"],"yoast_head":"<!-- This site is optimized with the Yoast SEO plugin v25.0 - https:\/\/yoast.com\/wordpress\/plugins\/seo\/ -->\n<title>NOW\u00ae - Nutrition Optimised Within - Comit\u00e9 cient\u00edfico y m\u00e9dico<\/title>\n<meta name=\"robots\" content=\"index, follow, max-snippet:-1, max-image-preview:large, max-video-preview:-1\" \/>\n<link rel=\"canonical\" href=\"https:\/\/nutrition-optimised-within.com\/es\/comite-cientifico-medico\/\" \/>\n<meta property=\"og:locale\" content=\"es_ES\" \/>\n<meta property=\"og:type\" content=\"article\" \/>\n<meta property=\"og:title\" content=\"NOW\u00ae - Nutrition Optimised Within - Comit\u00e9 cient\u00edfico y m\u00e9dico\" \/>\n<meta property=\"og:description\" content=\"comit\u00e9 cient\u00edfico y m\u00e9dico \u00abDemostramos lo que decimos y \u00fanicamente decimos lo que podemos demostrar\u00bb Probamos lo que decimos y \u00fanicamente deicmos lo que ha sido probado. Por eso colaboramos con un comit\u00e9 cient\u00edfico y medico de reconocido prestigio internacional as\u00ed como con centros de de investigaci\u00f3n y desarrollo \u00a0l\u00edderes en nutrici\u00f3n, biotecnolog\u00eda y ciencias [&hellip;]\" \/>\n<meta property=\"og:url\" content=\"https:\/\/nutrition-optimised-within.com\/es\/comite-cientifico-medico\/\" \/>\n<meta property=\"og:site_name\" content=\"NOW\u00ae - Nutrition Optimised Within\" \/>\n<meta property=\"article:modified_time\" content=\"2025-05-12T05:41:42+00:00\" \/>\n<meta property=\"og:image\" content=\"https:\/\/nutrition-optimised-within.com\/wp-content\/uploads\/2025\/03\/now-logo-1200x.png\" \/>\n\t<meta property=\"og:image:width\" content=\"1200\" \/>\n\t<meta property=\"og:image:height\" content=\"675\" \/>\n\t<meta property=\"og:image:type\" content=\"image\/png\" \/>\n<meta name=\"twitter:card\" content=\"summary_large_image\" \/>\n<meta name=\"twitter:label1\" content=\"Tiempo de lectura\" \/>\n\t<meta name=\"twitter:data1\" content=\"7 minutos\" \/>\n<script type=\"application\/ld+json\" class=\"yoast-schema-graph\">{\"@context\":\"https:\/\/schema.org\",\"@graph\":[{\"@type\":\"WebPage\",\"@id\":\"https:\/\/nutrition-optimised-within.com\/es\/comite-cientifico-medico\/\",\"url\":\"https:\/\/nutrition-optimised-within.com\/es\/comite-cientifico-medico\/\",\"name\":\"NOW\u00ae - Nutrition Optimised Within - Comit\u00e9 cient\u00edfico y m\u00e9dico\",\"isPartOf\":{\"@id\":\"https:\/\/nutrition-optimised-within.com\/#website\"},\"datePublished\":\"2024-04-08T07:32:03+00:00\",\"dateModified\":\"2025-05-12T05:41:42+00:00\",\"breadcrumb\":{\"@id\":\"https:\/\/nutrition-optimised-within.com\/es\/comite-cientifico-medico\/#breadcrumb\"},\"inLanguage\":\"es\",\"potentialAction\":[{\"@type\":\"ReadAction\",\"target\":[\"https:\/\/nutrition-optimised-within.com\/es\/comite-cientifico-medico\/\"]}]},{\"@type\":\"BreadcrumbList\",\"@id\":\"https:\/\/nutrition-optimised-within.com\/es\/comite-cientifico-medico\/#breadcrumb\",\"itemListElement\":[{\"@type\":\"ListItem\",\"position\":1,\"name\":\"Home\",\"item\":\"https:\/\/nutrition-optimised-within.com\/es\/\"},{\"@type\":\"ListItem\",\"position\":2,\"name\":\"Comit\u00e9 cient\u00edfico y m\u00e9dico\"}]},{\"@type\":\"WebSite\",\"@id\":\"https:\/\/nutrition-optimised-within.com\/#website\",\"url\":\"https:\/\/nutrition-optimised-within.com\/\",\"name\":\"NOW\u00ae - Nutrition Optimised Within - The Future of Functional Food\",\"description\":\"The Future of Functional Food\",\"publisher\":{\"@id\":\"https:\/\/nutrition-optimised-within.com\/#organization\"},\"alternateName\":\"NOW\u00ae - Nutrition Optimised Within\",\"potentialAction\":[{\"@type\":\"SearchAction\",\"target\":{\"@type\":\"EntryPoint\",\"urlTemplate\":\"https:\/\/nutrition-optimised-within.com\/?s={search_term_string}\"},\"query-input\":{\"@type\":\"PropertyValueSpecification\",\"valueRequired\":true,\"valueName\":\"search_term_string\"}}],\"inLanguage\":\"es\"},{\"@type\":\"Organization\",\"@id\":\"https:\/\/nutrition-optimised-within.com\/#organization\",\"name\":\"NOW\u00ae - Nutrition Optimised Within\",\"alternateName\":\"NOW\u00ae\",\"url\":\"https:\/\/nutrition-optimised-within.com\/\",\"logo\":{\"@type\":\"ImageObject\",\"inLanguage\":\"es\",\"@id\":\"https:\/\/nutrition-optimised-within.com\/#\/schema\/logo\/image\/\",\"url\":\"https:\/\/nutrition-optimised-within.com\/wp-content\/uploads\/2025\/03\/now-logo-1080.png\",\"contentUrl\":\"https:\/\/nutrition-optimised-within.com\/wp-content\/uploads\/2025\/03\/now-logo-1080.png\",\"width\":1080,\"height\":1080,\"caption\":\"NOW\u00ae - Nutrition Optimised Within\"},\"image\":{\"@id\":\"https:\/\/nutrition-optimised-within.com\/#\/schema\/logo\/image\/\"}}]}<\/script>\n<!-- \/ Yoast SEO plugin. -->","yoast_head_json":{"title":"NOW\u00ae - Nutrition Optimised Within - Comit\u00e9 cient\u00edfico y m\u00e9dico","robots":{"index":"index","follow":"follow","max-snippet":"max-snippet:-1","max-image-preview":"max-image-preview:large","max-video-preview":"max-video-preview:-1"},"canonical":"https:\/\/nutrition-optimised-within.com\/es\/comite-cientifico-medico\/","og_locale":"es_ES","og_type":"article","og_title":"NOW\u00ae - Nutrition Optimised Within - Comit\u00e9 cient\u00edfico y m\u00e9dico","og_description":"comit\u00e9 cient\u00edfico y m\u00e9dico \u00abDemostramos lo que decimos y \u00fanicamente decimos lo que podemos demostrar\u00bb Probamos lo que decimos y \u00fanicamente deicmos lo que ha sido probado. Por eso colaboramos con un comit\u00e9 cient\u00edfico y medico de reconocido prestigio internacional as\u00ed como con centros de de investigaci\u00f3n y desarrollo \u00a0l\u00edderes en nutrici\u00f3n, biotecnolog\u00eda y ciencias [&hellip;]","og_url":"https:\/\/nutrition-optimised-within.com\/es\/comite-cientifico-medico\/","og_site_name":"NOW\u00ae - Nutrition Optimised Within","article_modified_time":"2025-05-12T05:41:42+00:00","og_image":[{"width":1200,"height":675,"url":"https:\/\/nutrition-optimised-within.com\/wp-content\/uploads\/2025\/03\/now-logo-1200x.png","type":"image\/png"}],"twitter_card":"summary_large_image","twitter_misc":{"Tiempo de lectura":"7 minutos"},"schema":{"@context":"https:\/\/schema.org","@graph":[{"@type":"WebPage","@id":"https:\/\/nutrition-optimised-within.com\/es\/comite-cientifico-medico\/","url":"https:\/\/nutrition-optimised-within.com\/es\/comite-cientifico-medico\/","name":"NOW\u00ae - Nutrition Optimised Within - Comit\u00e9 cient\u00edfico y m\u00e9dico","isPartOf":{"@id":"https:\/\/nutrition-optimised-within.com\/#website"},"datePublished":"2024-04-08T07:32:03+00:00","dateModified":"2025-05-12T05:41:42+00:00","breadcrumb":{"@id":"https:\/\/nutrition-optimised-within.com\/es\/comite-cientifico-medico\/#breadcrumb"},"inLanguage":"es","potentialAction":[{"@type":"ReadAction","target":["https:\/\/nutrition-optimised-within.com\/es\/comite-cientifico-medico\/"]}]},{"@type":"BreadcrumbList","@id":"https:\/\/nutrition-optimised-within.com\/es\/comite-cientifico-medico\/#breadcrumb","itemListElement":[{"@type":"ListItem","position":1,"name":"Home","item":"https:\/\/nutrition-optimised-within.com\/es\/"},{"@type":"ListItem","position":2,"name":"Comit\u00e9 cient\u00edfico y m\u00e9dico"}]},{"@type":"WebSite","@id":"https:\/\/nutrition-optimised-within.com\/#website","url":"https:\/\/nutrition-optimised-within.com\/","name":"NOW\u00ae - Nutrition Optimised Within - The Future of Functional Food","description":"The Future of Functional Food","publisher":{"@id":"https:\/\/nutrition-optimised-within.com\/#organization"},"alternateName":"NOW\u00ae - Nutrition Optimised Within","potentialAction":[{"@type":"SearchAction","target":{"@type":"EntryPoint","urlTemplate":"https:\/\/nutrition-optimised-within.com\/?s={search_term_string}"},"query-input":{"@type":"PropertyValueSpecification","valueRequired":true,"valueName":"search_term_string"}}],"inLanguage":"es"},{"@type":"Organization","@id":"https:\/\/nutrition-optimised-within.com\/#organization","name":"NOW\u00ae - Nutrition Optimised Within","alternateName":"NOW\u00ae","url":"https:\/\/nutrition-optimised-within.com\/","logo":{"@type":"ImageObject","inLanguage":"es","@id":"https:\/\/nutrition-optimised-within.com\/#\/schema\/logo\/image\/","url":"https:\/\/nutrition-optimised-within.com\/wp-content\/uploads\/2025\/03\/now-logo-1080.png","contentUrl":"https:\/\/nutrition-optimised-within.com\/wp-content\/uploads\/2025\/03\/now-logo-1080.png","width":1080,"height":1080,"caption":"NOW\u00ae - Nutrition Optimised Within"},"image":{"@id":"https:\/\/nutrition-optimised-within.com\/#\/schema\/logo\/image\/"}}]}},"_links":{"self":[{"href":"https:\/\/nutrition-optimised-within.com\/es\/wp-json\/wp\/v2\/pages\/1693","targetHints":{"allow":["GET"]}}],"collection":[{"href":"https:\/\/nutrition-optimised-within.com\/es\/wp-json\/wp\/v2\/pages"}],"about":[{"href":"https:\/\/nutrition-optimised-within.com\/es\/wp-json\/wp\/v2\/types\/page"}],"author":[{"embeddable":true,"href":"https:\/\/nutrition-optimised-within.com\/es\/wp-json\/wp\/v2\/users\/1"}],"replies":[{"embeddable":true,"href":"https:\/\/nutrition-optimised-within.com\/es\/wp-json\/wp\/v2\/comments?post=1693"}],"version-history":[{"count":19,"href":"https:\/\/nutrition-optimised-within.com\/es\/wp-json\/wp\/v2\/pages\/1693\/revisions"}],"predecessor-version":[{"id":2685,"href":"https:\/\/nutrition-optimised-within.com\/es\/wp-json\/wp\/v2\/pages\/1693\/revisions\/2685"}],"wp:attachment":[{"href":"https:\/\/nutrition-optimised-within.com\/es\/wp-json\/wp\/v2\/media?parent=1693"}],"curies":[{"name":"wp","href":"https:\/\/api.w.org\/{rel}","templated":true}]}}